{"id":281,"date":"2024-10-27T21:33:13","date_gmt":"2024-10-27T20:33:13","guid":{"rendered":"https:\/\/viroflayenvironnement.fr\/?page_id=281"},"modified":"2025-03-30T12:40:33","modified_gmt":"2025-03-30T10:40:33","slug":"qui-sommes-nous-2","status":"publish","type":"page","link":"https:\/\/viroflayenvironnement.fr\/index.php\/qui-sommes-nous-2\/","title":{"rendered":"Qui sommes nous"},"content":{"rendered":"\n<pre class=\"wp-block-verse\"><br><br><br><strong>QUI SOMMES-NOUS ?<\/strong><br><br><strong>\u00ab Viroflay environnement \u00bb est une association (loi de 1901) cr\u00e9\u00e9e en 1992 pour superviser les travaux de la ligne ferroviaire ST QUENTIN \/ LA D\u00c9FENSE.<br>Au-del\u00e0 de cet objectif initial, elle s\u2019est impliqu\u00e9e dans de multiples actions qui ont permis d\u2019apporter des am\u00e9liorations sur le plan local :<br>\u2022\tBouclage de l\u2019A86 : veille sur une plausible sortie \u00e0 la place Louis XIV (limite entre Viroflay et  Versailles), qui aurait entrain\u00e9 un flux de v\u00e9hicules suppl\u00e9mentaires sur la N10,<br>\u2022\tParticipation \u00e0 l\u2019\u00e9laboration le paysage de la rue de la Marquette (sauvetage des ch\u00eanes centenaires sur le talus SNCF),<br>\u2022\tMur anti-bruit qui borde la ligne SNCF des arcades et qui longe la rue des Saisons (fruit de r\u00e9flexions durant plusieurs ann\u00e9es entre la SNCF avec la participation de notre association),<br>\u2022\tChangement de la rambarde \u00e0 la mont\u00e9e de la gare rive droite, compl\u00e8tement rouill\u00e9e,<br>\u2022\tAm\u00e9nagement du petit square de la place de la Chapelle,<br>\u2022\tEtc.<br><br>\u00ab Viroflay environnement \u00bb entretien des contacts avec l\u2019O.N.F. (Office national des for\u00eats) afin de se tenir inform\u00e9 du devenir des for\u00eats de l\u2019Ouest parisien (invitation du Directeur de l\u2019O.N.F. organis\u00e9e par \u00ab Viroflay environnement \u00bb en 2023).<br>Dans un esprit de s\u00e9curit\u00e9, ces relations avec l\u2019O.N.F. ont permis la fermeture de souterrains (face \u00e0 la zone industrielle \u00e0 la lisi\u00e8re des bois de Fausses-Reposes) datant de la Seconde guerre mondiale.<br>Viroflay environnement a fait poser des abribus \u00e0 Versailles : un projet similaire concerne les lignes N\u00b06\/7 \u00e0 Viroflay.<br>Nous avons port\u00e9 une attention particuli\u00e8re au d\u00e9roulement des travaux du tramway T6.<br>Nous proposons d\u2019ailleurs qu\u2019un TRAM parte de la gare RD \u00e0 Versailles rejoignant le Chesnay jusqu\u2019\u00e0 Noisy-le-Roi. Nous avons \u00e9tabli un trac\u00e9 qui est viable sans cr\u00e9er de dommages.<br>Nous engageons r\u00e9guli\u00e8rement des r\u00e9flexions sur l\u2019urbanisme \u00e0 Viroflay, en y associant les riverains (exemples : am\u00e9nager un trottoir dans le virage de la rue d\u2019Estienne d\u2019Orves, ainsi que les trottoirs de l\u2019avenue de Versailles qui m\u00e8nent au cimeti\u00e8re \u00e0 Porchefontaine, portes du march\u00e9 trop lourdes).<br>Nous n\u2019\u00e9tions pas favorables \u00e0 l\u2019autorisation pour que, dans certaines rues trop \u00e9troites, les v\u00e9los puissent circulent en sens interdits car le croisement d\u2019un v\u00e9lo et un v\u00e9hicule reste incertain.<br>Nous consid\u00e9rons que les enqu\u00eates publiques n\u00e9cessitent une r\u00e9flexion profonde quant \u00e0 son fonctionnement.<br><br><br>\u00ab Viroflay environnement \u00bb est aussi membre d\u2019\u00ab Ile-de-France environnement \u00bb.<br><br>Vous pouvez nous trouver au FORUM DES ASSOCIATIONS de Viroflay o\u00f9 nous tenons un stand chaque ann\u00e9e.<br><br>                              En soutenant \u00ab Viroflay environnement \u00bb <br>                                  vous renforcez son action.<\/strong><\/pre>\n","protected":false},"excerpt":{"rendered":"<p>QUI SOMMES-NOUS ?\u00ab Viroflay environnement \u00bb est une association (loi de 1901) cr\u00e9\u00e9e en 1992 pour superviser les travaux de la ligne ferroviaire ST QUENTIN \/ LA D\u00c9FENSE.Au-del\u00e0 de cet objectif initial, elle s\u2019est impliqu\u00e9e dans de multiples actions qui ont permis d\u2019apporter des am\u00e9liorations sur le plan local :\u2022 Bouclage de l\u2019A86 : veille [&hellip;]<\/p>\n","protected":false},"author":1,"featured_media":0,"parent":0,"menu_order":0,"comment_status":"closed","ping_status":"closed","template":"","meta":{"site-sidebar-layout":"default","site-content-layout":"","ast-site-content-layout":"narrow-width-container","site-content-style":"default","site-sidebar-style":"default","ast-global-header-display":"","ast-banner-title-visibility":"","ast-main-header-display":"","ast-hfb-above-header-display":"","ast-hfb-below-header-display":"","ast-hfb-mobile-header-display":"","site-post-title":"","ast-breadcrumbs-content":"","ast-featured-img":"","footer-sml-layout":"","ast-disable-related-posts":"","theme-transparent-header-meta":"","adv-header-id-meta":"","stick-header-meta":"","header-above-stick-meta":"","header-main-stick-meta":"","header-below-stick-meta":"","astra-migrate-meta-layouts":"default","ast-page-background-enabled":"default","ast-page-background-meta":{"desktop":{"background-color":"var(--ast-global-color-4)","background-image":"","background-repeat":"repeat","background-position":"center center","background-size":"auto","background-attachment":"scroll","background-type":"","background-media":"","overlay-type":"","overlay-color":"","overlay-opacity":"","overlay-gradient":""},"tablet":{"background-color":"","background-image":"","background-repeat":"repeat","background-position":"center center","background-size":"auto","background-attachment":"scroll","background-type":"","background-media":"","overlay-type":"","overlay-color":"","overlay-opacity":"","overlay-gradient":""},"mobile":{"background-color":"","background-image":"","background-repeat":"repeat","background-position":"center center","background-size":"auto","background-attachment":"scroll","background-type":"","background-media":"","overlay-type":"","overlay-color":"","overlay-opacity":"","overlay-gradient":""}},"ast-content-background-meta":{"desktop":{"background-color":"var(--ast-global-color-5)","background-image":"","background-repeat":"repeat","background-position":"center center","background-size":"auto","background-attachment":"scroll","background-type":"","background-media":"","overlay-type":"","overlay-color":"","overlay-opacity":"","overlay-gradient":""},"tablet":{"background-color":"var(--ast-global-color-5)","background-image":"","background-repeat":"repeat","background-position":"center center","background-size":"auto","background-attachment":"scroll","background-type":"","background-media":"","overlay-type":"","overlay-color":"","overlay-opacity":"","overlay-gradient":""},"mobile":{"background-color":"var(--ast-global-color-5)","background-image":"","background-repeat":"repeat","background-position":"center center","background-size":"auto","background-attachment":"scroll","background-type":"","background-media":"","overlay-type":"","overlay-color":"","overlay-opacity":"","overlay-gradient":""}},"footnotes":""},"class_list":["post-281","page","type-page","status-publish","hentry"],"_links":{"self":[{"href":"https:\/\/viroflayenvironnement.fr\/index.php\/wp-json\/wp\/v2\/pages\/281","targetHints":{"allow":["GET"]}}],"collection":[{"href":"https:\/\/viroflayenvironnement.fr\/index.php\/wp-json\/wp\/v2\/pages"}],"about":[{"href":"https:\/\/viroflayenvironnement.fr\/index.php\/wp-json\/wp\/v2\/types\/page"}],"author":[{"embeddable":true,"href":"https:\/\/viroflayenvironnement.fr\/index.php\/wp-json\/wp\/v2\/users\/1"}],"replies":[{"embeddable":true,"href":"https:\/\/viroflayenvironnement.fr\/index.php\/wp-json\/wp\/v2\/comments?post=281"}],"version-history":[{"count":9,"href":"https:\/\/viroflayenvironnement.fr\/index.php\/wp-json\/wp\/v2\/pages\/281\/revisions"}],"predecessor-version":[{"id":590,"href":"https:\/\/viroflayenvironnement.fr\/index.php\/wp-json\/wp\/v2\/pages\/281\/revisions\/590"}],"wp:attachment":[{"href":"https:\/\/viroflayenvironnement.fr\/index.php\/wp-json\/wp\/v2\/media?parent=281"}],"curies":[{"name":"wp","href":"https:\/\/api.w.org\/{rel}","templated":true}]}}