{"id":318,"date":"2024-10-28T10:14:56","date_gmt":"2024-10-28T09:14:56","guid":{"rendered":"https:\/\/viroflayenvironnement.fr\/?page_id=318"},"modified":"2025-04-10T17:37:13","modified_gmt":"2025-04-10T15:37:13","slug":"accueil-2","status":"publish","type":"page","link":"https:\/\/viroflayenvironnement.fr\/","title":{"rendered":"Accueil"},"content":{"rendered":"\n<div class=\"wp-block-media-text is-stacked-on-mobile\" style=\"grid-template-columns:38% auto\"><figure class=\"wp-block-media-text__media\"><img loading=\"lazy\" decoding=\"async\" width=\"1001\" height=\"750\" src=\"https:\/\/viroflayenvironnement.fr\/wp-content\/uploads\/2025\/03\/image-orme-1.jpg\" alt=\"\" class=\"wp-image-488 size-full\" srcset=\"https:\/\/viroflayenvironnement.fr\/wp-content\/uploads\/2025\/03\/image-orme-1.jpg 1001w, https:\/\/viroflayenvironnement.fr\/wp-content\/uploads\/2025\/03\/image-orme-1-300x225.jpg 300w, https:\/\/viroflayenvironnement.fr\/wp-content\/uploads\/2025\/03\/image-orme-1-768x575.jpg 768w\" sizes=\"auto, (max-width: 1001px) 100vw, 1001px\" \/><\/figure><div class=\"wp-block-media-text__content\">\n<pre class=\"wp-block-verse\"><br><br><br><br><br><br><strong>VIROFLAY ENVIRONNEMENT<br>Association cr\u00e9\u00e9e en 1992 \u00e0 la suite des grands travaux SNCF reliant la D\u00e9fense \u00e0 la Verri\u00e8re.<br>Son r\u00f4le :<br>\u2022\tSauvegarder le cadre de vie des citadins,<br>\u2022\tParticiper aux choix de l\u2019urbanisation,<br>\u2022\tD\u00e9fendre et d\u00e9velopper les moyens de transports en commun,<br>\u2022\tProt\u00e9ger la nature et les monuments class\u00e9s,<br>\u2022\tIntervenir aupr\u00e8s des pouvoirs publics, si n\u00e9cessaire.<br>Viroflay Environnement est affili\u00e9e \u00e0 France Nature Environnement Ile-de-France.<\/strong><\/pre>\n<\/div><\/div>\n\n\n\n<h2 class=\"wp-block-heading has-text-align-left\">L&#8217;Orme  <\/h2>\n\n\n\n<div class=\"wp-block-buttons is-horizontal is-content-justification-center is-layout-flex wp-container-core-buttons-is-layout-03627597 wp-block-buttons-is-layout-flex\"><\/div>\n\n\n\n<div class=\"wp-block-buttons is-layout-flex wp-container-core-buttons-is-layout-ea8b11be wp-block-buttons-is-layout-flex\">\n<div class=\"wp-block-button\"><a class=\"wp-block-button__link wp-element-button\" href=\"http:\/\/fne-idf.fr\">France nature environnement<\/a><\/div>\n<\/div>\n\n\n\n<p><\/p>\n\n\n\n<div class=\"wp-block-buttons is-layout-flex wp-block-buttons-is-layout-flex\">\n<div class=\"wp-block-button\"><a class=\"wp-block-button__link wp-element-button\" href=\"https:\/\/www.onf.fr\/\">Office National des For\u00eats<\/a><\/div>\n<\/div>\n\n\n\n<p><\/p>\n","protected":false},"excerpt":{"rendered":"<p>VIROFLAY ENVIRONNEMENTAssociation cr\u00e9\u00e9e en 1992 \u00e0 la suite des grands travaux SNCF reliant la D\u00e9fense \u00e0 la Verri\u00e8re.Son r\u00f4le :\u2022 Sauvegarder le cadre de vie des citadins,\u2022 Participer aux choix de l\u2019urbanisation,\u2022 D\u00e9fendre et d\u00e9velopper les moyens de transports en commun,\u2022 Prot\u00e9ger la nature et les monuments class\u00e9s,\u2022 Intervenir aupr\u00e8s des pouvoirs publics, si n\u00e9cessaire.Viroflay [&hellip;]<\/p>\n","protected":false},"author":1,"featured_media":0,"parent":0,"menu_order":0,"comment_status":"closed","ping_status":"closed","template":"","meta":{"site-sidebar-layout":"default","site-content-layout":"","ast-site-content-layout":"default","site-content-style":"default","site-sidebar-style":"default","ast-global-header-display":"","ast-banner-title-visibility":"","ast-main-header-display":"","ast-hfb-above-header-display":"","ast-hfb-below-header-display":"","ast-hfb-mobile-header-display":"","site-post-title":"","ast-breadcrumbs-content":"","ast-featured-img":"","footer-sml-layout":"","ast-disable-related-posts":"","theme-transparent-header-meta":"","adv-header-id-meta":"","stick-header-meta":"","header-above-stick-meta":"","header-main-stick-meta":"","header-below-stick-meta":"","astra-migrate-meta-layouts":"default","ast-page-background-enabled":"default","ast-page-background-meta":{"desktop":{"background-color":"var(--ast-global-color-4)","background-image":"","background-repeat":"repeat","background-position":"center center","background-size":"auto","background-attachment":"scroll","background-type":"","background-media":"","overlay-type":"","overlay-color":"","overlay-opacity":"","overlay-gradient":""},"tablet":{"background-color":"","background-image":"","background-repeat":"repeat","background-position":"center center","background-size":"auto","background-attachment":"scroll","background-type":"","background-media":"","overlay-type":"","overlay-color":"","overlay-opacity":"","overlay-gradient":""},"mobile":{"background-color":"","background-image":"","background-repeat":"repeat","background-position":"center center","background-size":"auto","background-attachment":"scroll","background-type":"","background-media":"","overlay-type":"","overlay-color":"","overlay-opacity":"","overlay-gradient":""}},"ast-content-background-meta":{"desktop":{"background-color":"var(--ast-global-color-5)","background-image":"","background-repeat":"repeat","background-position":"center center","background-size":"auto","background-attachment":"scroll","background-type":"","background-media":"","overlay-type":"","overlay-color":"","overlay-opacity":"","overlay-gradient":""},"tablet":{"background-color":"var(--ast-global-color-5)","background-image":"","background-repeat":"repeat","background-position":"center center","background-size":"auto","background-attachment":"scroll","background-type":"","background-media":"","overlay-type":"","overlay-color":"","overlay-opacity":"","overlay-gradient":""},"mobile":{"background-color":"var(--ast-global-color-5)","background-image":"","background-repeat":"repeat","background-position":"center center","background-size":"auto","background-attachment":"scroll","background-type":"","background-media":"","overlay-type":"","overlay-color":"","overlay-opacity":"","overlay-gradient":""}},"footnotes":""},"class_list":["post-318","page","type-page","status-publish","hentry"],"_links":{"self":[{"href":"https:\/\/viroflayenvironnement.fr\/index.php\/wp-json\/wp\/v2\/pages\/318","targetHints":{"allow":["GET"]}}],"collection":[{"href":"https:\/\/viroflayenvironnement.fr\/index.php\/wp-json\/wp\/v2\/pages"}],"about":[{"href":"https:\/\/viroflayenvironnement.fr\/index.php\/wp-json\/wp\/v2\/types\/page"}],"author":[{"embeddable":true,"href":"https:\/\/viroflayenvironnement.fr\/index.php\/wp-json\/wp\/v2\/users\/1"}],"replies":[{"embeddable":true,"href":"https:\/\/viroflayenvironnement.fr\/index.php\/wp-json\/wp\/v2\/comments?post=318"}],"version-history":[{"count":47,"href":"https:\/\/viroflayenvironnement.fr\/index.php\/wp-json\/wp\/v2\/pages\/318\/revisions"}],"predecessor-version":[{"id":626,"href":"https:\/\/viroflayenvironnement.fr\/index.php\/wp-json\/wp\/v2\/pages\/318\/revisions\/626"}],"wp:attachment":[{"href":"https:\/\/viroflayenvironnement.fr\/index.php\/wp-json\/wp\/v2\/media?parent=318"}],"curies":[{"name":"wp","href":"https:\/\/api.w.org\/{rel}","templated":true}]}}