{"id":364,"date":"2024-10-28T12:12:16","date_gmt":"2024-10-28T11:12:16","guid":{"rendered":"https:\/\/viroflayenvironnement.fr\/?page_id=364"},"modified":"2025-04-10T17:41:05","modified_gmt":"2025-04-10T15:41:05","slug":"test","status":"publish","type":"page","link":"https:\/\/viroflayenvironnement.fr\/index.php\/test\/","title":{"rendered":"Notre r\u00f4le"},"content":{"rendered":"\n<figure class=\"wp-block-gallery has-nested-images columns-default is-cropped wp-block-gallery-1 is-layout-flex wp-block-gallery-is-layout-flex\">\n<figure class=\"wp-block-image size-large\"><img loading=\"lazy\" decoding=\"async\" width=\"1001\" height=\"750\" data-id=\"488\" src=\"https:\/\/viroflayenvironnement.fr\/wp-content\/uploads\/2025\/03\/image-orme-1.jpg\" alt=\"\" class=\"wp-image-488\" srcset=\"https:\/\/viroflayenvironnement.fr\/wp-content\/uploads\/2025\/03\/image-orme-1.jpg 1001w, https:\/\/viroflayenvironnement.fr\/wp-content\/uploads\/2025\/03\/image-orme-1-300x225.jpg 300w, https:\/\/viroflayenvironnement.fr\/wp-content\/uploads\/2025\/03\/image-orme-1-768x575.jpg 768w\" sizes=\"auto, (max-width: 1001px) 100vw, 1001px\" \/><\/figure>\n<\/figure>\n\n\n\n<p><\/p>\n\n\n\n<p><\/p>\n\n\n\n<p><\/p>\n\n\n\n<p><\/p>\n\n\n\n<p><\/p>\n\n\n\n<p><\/p>\n\n\n\n<p><\/p>\n\n\n\n<p><\/p>\n\n\n\n<p><\/p>\n\n\n\n<p><\/p>\n\n\n\n<p><\/p>\n\n\n\n<p><\/p>\n\n\n\n<p><\/p>\n\n\n\n<p><\/p>\n\n\n\n<p><\/p>\n\n\n\n<p><\/p>\n\n\n\n<p><\/p>\n\n\n\n<p><\/p>\n\n\n\n<p><\/p>\n\n\n\n<p><\/p>\n\n\n\n<p><\/p>\n\n\n\n<p><\/p>\n\n\n\n<p><\/p>\n\n\n\n<p><\/p>\n\n\n\n<p><\/p>\n\n\n\n<p><\/p>\n\n\n\n<p><\/p>\n\n\n\n<p><\/p>\n\n\n\n<p><\/p>\n\n\n\n<p><strong><u>Association Viroflay Environnement<\/u><\/strong><\/p>\n\n\n\n<p>Les m\u00e9dias les plus influents diffusent une part importante dans l\u2019information quotidienne. Malheureusement l\u2019&#8221;environnement&#8221; fait l&#8217;objet de tr\u00e8s peu de d\u00e9bats, que ce soit par l\u2019audiovisuel ou sur d&#8217;autres&nbsp;supports !<\/p>\n\n\n\n<p>Pour que chacun sorte de ce r\u00f4le de simple spectateur (voire de consommateur de l&#8217;information) et devienne v\u00e9ritablement acteur, il faut qu\u2019il existe des associations qui permettent \u00e0 chacun(e) de s\u2019exprimer pour se faire une id\u00e9e coh\u00e9rente et constructive sur des sujets divers et vari\u00e9s, enrichissant, pour ce qui nous concerne, la qualit\u00e9 de son environnement.<\/p>\n\n\n\n<p>La solution aux probl\u00e8mes pos\u00e9s peut \u00eatre tr\u00e8s diff\u00e9rente, selon l\u2019intervention \u2013 ou non \u2013 des citoyen(ne)s. D\u00e9j\u00e0 par le caract\u00e8re orient\u00e9 et engag\u00e9 des enqu\u00eates publiques concernant les multiples projets li\u00e9s \u00e0 l\u2019urbanisme communal ou d\u00e9partemental, il est indispensable que les associations comme &#8220;Viroflay Environnement&#8221; puissent se faire entendre, \u00e0 condition qu\u2019elles soient repr\u00e9sentatives d\u2019un \u00e9chantillon valable de population.<\/p>\n\n\n\n<p>Depuis des ann\u00e9es, notre association d\u00e9nonce la fa\u00e7on dont sont conduites les enqu\u00eates publiques&nbsp;: il faut envisager d&#8217;autres m\u00e9thodes, avec une meilleure information et une \u00e9coute des habitants, avec des vid\u00e9os, des professionnels de chaque corps de m\u00e9tiers pouvant r\u00e9pondre aux diverses questions pos\u00e9es par le public.<\/p>\n\n\n\n<p><strong>Un cadre de vie favorable&nbsp;:<\/strong><br>Viroflay, commune de dix-sept mille habitants, situ\u00e9e dans la r\u00e9gion Ouest du d\u00e9partement des Yvelines, reste agr\u00e9able par le fait qu\u2019elle est entour\u00e9e de deux magnifiques for\u00eats sur ses rives droite et gauche. Les moyens de transports existants en font un lieu privil\u00e9gi\u00e9. \u00c0 dix minutes par la gare Montparnasse, la capitale est \u00e0 port\u00e9e de main ! Dans le domaine de l\u2019histoire et de la culture sa situation est identique : le ch\u00e2teau de Versailles et son parc constituent avec l\u2019arbor\u00e9tum des lieux de repos et de d\u00e9tente. Le parc de Saint-Cloud en est aussi un t\u00e9moignage \u00e9mouvant de son histoire&nbsp;!<\/p>\n\n\n\n<p><strong>La vie associative li\u00e9e \u00e0 l\u2019urbanisme&nbsp;:<\/strong><br>M\u00eame si Viroflay est une ville paisible, elle rencontre des probl\u00e8mes et subit l\u2019influence de la politique de la R\u00e9gion Ile de France. La situation concernant principalement les flux de v\u00e9hicules invitent en permanence \u00e0 rechercher des solutions pour am\u00e9nager la circulation et le stationnement dans des rues \u00e9difi\u00e9es pour la plupart au d\u00e9but du XIX\u00b0 si\u00e8cle !<\/p>\n\n\n\n<p>Pour r\u00e9pondre \u00e0 l\u2019augmentation de la population dans la r\u00e9gion, les \u00e9lus et associations doivent en permanence r\u00e9fl\u00e9chir aux services de distributions, tels que r\u00e9seaux d\u2019\u00e9gouts, eau potable, ramassage de d\u00e9chets, transports et communications, service incendie et protection urbaine. De plus pour \u00e9viter la croissance de la d\u00e9linquance, l\u2019am\u00e9nagement de complexes sportifs et culturels devient une priorit\u00e9 !<\/p>\n\n\n\n<p><strong>Les dossiers et lois d\u2019urbanisme&nbsp;:<\/strong><br>l\u2019urbanisation et l\u2019am\u00e9nagement des villes demandent de plus en plus de connaissance aux maires et associations.<br>Le sch\u00e9ma directeur d\u2019Ile de France en est un exemple \u00e9difiant. Les dossiers relatifs aux grands projets demandent de plus en plus de r\u00e9flexion avec les lois qui les accompagnent et les r\u00e9gissent. L\u2019exigence de notre temps demande aux consultants aujourd\u2019hui, non pas des rejets cat\u00e9goriques sur tel ou tel th\u00e8me, mais des contre-propositions objectives avec les d\u00e9marches fastidieuses que cela suscite. Aujourd\u2019hui les associations comme la n\u00f4tre travaillent aussi bien avec les pouvoirs publics et priv\u00e9s, les pr\u00e9fectures, les communes, les minist\u00e8res, l&#8217;ONF, la SNCF, la RATP, Shell, Cofiroute, EDF, la DIR (Direction interd\u00e9partementale des routes),\u2026 selon les besoins du moment.<\/p>\n\n\n\n<p><strong>Conclusion&nbsp;:<\/strong><br>Par ces quelques mots, nous avons essay\u00e9 de vous pr\u00e9senter les principaux r\u00f4les que joue \u00abViroflay Environnement&nbsp;\u00bb dans la vie quotidienne de la commune.<\/p>\n","protected":false},"excerpt":{"rendered":"<p>Association Viroflay Environnement Les m\u00e9dias les plus influents diffusent une part importante dans l\u2019information quotidienne. Malheureusement l\u2019&#8221;environnement&#8221; fait l&#8217;objet de tr\u00e8s peu de d\u00e9bats, que ce soit par l\u2019audiovisuel ou sur d&#8217;autres&nbsp;supports ! Pour que chacun sorte de ce r\u00f4le de simple spectateur (voire de consommateur de l&#8217;information) et devienne v\u00e9ritablement acteur, il faut qu\u2019il [&hellip;]<\/p>\n","protected":false},"author":1,"featured_media":0,"parent":0,"menu_order":0,"comment_status":"closed","ping_status":"closed","template":"","meta":{"site-sidebar-layout":"default","site-content-layout":"","ast-site-content-layout":"narrow-width-container","site-content-style":"default","site-sidebar-style":"default","ast-global-header-display":"","ast-banner-title-visibility":"","ast-main-header-display":"","ast-hfb-above-header-display":"","ast-hfb-below-header-display":"","ast-hfb-mobile-header-display":"","site-post-title":"","ast-breadcrumbs-content":"","ast-featured-img":"","footer-sml-layout":"","ast-disable-related-posts":"","theme-transparent-header-meta":"","adv-header-id-meta":"","stick-header-meta":"","header-above-stick-meta":"","header-main-stick-meta":"","header-below-stick-meta":"","astra-migrate-meta-layouts":"default","ast-page-background-enabled":"default","ast-page-background-meta":{"desktop":{"background-color":"var(--ast-global-color-4)","background-image":"","background-repeat":"repeat","background-position":"center center","background-size":"auto","background-attachment":"scroll","background-type":"","background-media":"","overlay-type":"","overlay-color":"","overlay-opacity":"","overlay-gradient":""},"tablet":{"background-color":"","background-image":"","background-repeat":"repeat","background-position":"center center","background-size":"auto","background-attachment":"scroll","background-type":"","background-media":"","overlay-type":"","overlay-color":"","overlay-opacity":"","overlay-gradient":""},"mobile":{"background-color":"","background-image":"","background-repeat":"repeat","background-position":"center center","background-size":"auto","background-attachment":"scroll","background-type":"","background-media":"","overlay-type":"","overlay-color":"","overlay-opacity":"","overlay-gradient":""}},"ast-content-background-meta":{"desktop":{"background-color":"var(--ast-global-color-5)","background-image":"","background-repeat":"repeat","background-position":"center center","background-size":"auto","background-attachment":"scroll","background-type":"","background-media":"","overlay-type":"","overlay-color":"","overlay-opacity":"","overlay-gradient":""},"tablet":{"background-color":"var(--ast-global-color-5)","background-image":"","background-repeat":"repeat","background-position":"center center","background-size":"auto","background-attachment":"scroll","background-type":"","background-media":"","overlay-type":"","overlay-color":"","overlay-opacity":"","overlay-gradient":""},"mobile":{"background-color":"var(--ast-global-color-5)","background-image":"","background-repeat":"repeat","background-position":"center center","background-size":"auto","background-attachment":"scroll","background-type":"","background-media":"","overlay-type":"","overlay-color":"","overlay-opacity":"","overlay-gradient":""}},"footnotes":""},"class_list":["post-364","page","type-page","status-publish","hentry"],"_links":{"self":[{"href":"https:\/\/viroflayenvironnement.fr\/index.php\/wp-json\/wp\/v2\/pages\/364","targetHints":{"allow":["GET"]}}],"collection":[{"href":"https:\/\/viroflayenvironnement.fr\/index.php\/wp-json\/wp\/v2\/pages"}],"about":[{"href":"https:\/\/viroflayenvironnement.fr\/index.php\/wp-json\/wp\/v2\/types\/page"}],"author":[{"embeddable":true,"href":"https:\/\/viroflayenvironnement.fr\/index.php\/wp-json\/wp\/v2\/users\/1"}],"replies":[{"embeddable":true,"href":"https:\/\/viroflayenvironnement.fr\/index.php\/wp-json\/wp\/v2\/comments?post=364"}],"version-history":[{"count":17,"href":"https:\/\/viroflayenvironnement.fr\/index.php\/wp-json\/wp\/v2\/pages\/364\/revisions"}],"predecessor-version":[{"id":634,"href":"https:\/\/viroflayenvironnement.fr\/index.php\/wp-json\/wp\/v2\/pages\/364\/revisions\/634"}],"wp:attachment":[{"href":"https:\/\/viroflayenvironnement.fr\/index.php\/wp-json\/wp\/v2\/media?parent=364"}],"curies":[{"name":"wp","href":"https:\/\/api.w.org\/{rel}","templated":true}]}}