{"id":6,"date":"2024-04-27T10:21:39","date_gmt":"2024-04-27T08:21:39","guid":{"rendered":"http:\/\/viroflayenvironnement.fr\/?page_id=6"},"modified":"2025-03-24T19:32:39","modified_gmt":"2025-03-24T18:32:39","slug":"accueil","status":"publish","type":"page","link":"https:\/\/viroflayenvironnement.fr\/index.php\/accueil\/","title":{"rendered":"Accueil bis"},"content":{"rendered":"\n<div class=\"wp-block-cover alignfull is-light\" style=\"min-height:720px;aspect-ratio:unset;\"><span aria-hidden=\"true\" class=\"wp-block-cover__background has-background-dim-100 has-background-dim has-background-gradient\" style=\"background:linear-gradient(35deg,rgb(6,0,151) 0%,rgb(130,4,255) 73%,rgb(193,15,255) 100%)\"><\/span><div class=\"wp-block-cover__inner-container is-layout-flow wp-block-cover-is-layout-flow\">\n<div class=\"inherit-container-width wp-block-group alignwide is-layout-constrained wp-block-group-is-layout-constrained\">\n<h1 class=\"wp-block-heading has-text-align-left has-white-color has-text-color\">VIROFLAY ENVIRONNEMENT<\/h1>\n\n\n\n<div class=\"wp-block-cover alignwide\" style=\"min-height:735px;aspect-ratio:unset;\"><span aria-hidden=\"true\" class=\"wp-block-cover__background has-background-dim\"><\/span><img loading=\"lazy\" decoding=\"async\" width=\"1001\" height=\"750\" class=\"wp-block-cover__image-background wp-image-71\" alt=\"\" src=\"https:\/\/viroflayenvironnement.fr\/wp-content\/uploads\/2024\/10\/image-orme-1.jpg\" data-object-fit=\"cover\" srcset=\"https:\/\/viroflayenvironnement.fr\/wp-content\/uploads\/2024\/10\/image-orme-1.jpg 1001w, https:\/\/viroflayenvironnement.fr\/wp-content\/uploads\/2024\/10\/image-orme-1-300x225.jpg 300w, https:\/\/viroflayenvironnement.fr\/wp-content\/uploads\/2024\/10\/image-orme-1-768x575.jpg 768w\" sizes=\"auto, (max-width: 1001px) 100vw, 1001px\" \/><div class=\"wp-block-cover__inner-container is-layout-flow wp-block-cover-is-layout-flow\">\n<div class=\"wp-block-cover\" style=\"min-height:564px;aspect-ratio:unset;\"><span aria-hidden=\"true\" class=\"wp-block-cover__background has-background-dim\" style=\"background-color:#605983\"><\/span><img loading=\"lazy\" decoding=\"async\" width=\"1001\" height=\"750\" class=\"wp-block-cover__image-background wp-image-71\" alt=\"\" src=\"http:\/\/viroflayenvironnement.fr\/wp-content\/uploads\/2024\/10\/image-orme-1.jpg\" data-object-fit=\"cover\" srcset=\"https:\/\/viroflayenvironnement.fr\/wp-content\/uploads\/2024\/10\/image-orme-1.jpg 1001w, https:\/\/viroflayenvironnement.fr\/wp-content\/uploads\/2024\/10\/image-orme-1-300x225.jpg 300w, https:\/\/viroflayenvironnement.fr\/wp-content\/uploads\/2024\/10\/image-orme-1-768x575.jpg 768w\" sizes=\"auto, (max-width: 1001px) 100vw, 1001px\" \/><div class=\"wp-block-cover__inner-container is-layout-constrained wp-block-cover-is-layout-constrained\">\n<p class=\"has-text-align-center\"><br><strong>VIROFLAY ENVIRONNEMENT<\/strong><\/p>\n\n\n\n<p>Association cr\u00e9\u00e9e en 1992 \u00e0 la suite des grands travaux SNCF reliant la D\u00e9fense \u00e0 la Verri\u00e8re.<\/p>\n\n\n\n<p>Son r\u00f4le :<\/p>\n\n\n\n<ul class=\"wp-block-list\">\n<li>Sauvegarder le cadre de vie des citadins,<\/li>\n\n\n\n<li>Participer aux choix de l\u2019urbanisation,<\/li>\n\n\n\n<li>D\u00e9fendre et d\u00e9velopper les moyens de transports en commun,<\/li>\n\n\n\n<li>Prot\u00e9ger la nature et les monuments class\u00e9s,<\/li>\n\n\n\n<li>Intervenir aupr\u00e8s des pouvoirs publics, si n\u00e9cessaire.<\/li>\n<\/ul>\n\n\n\n<p>Viroflay Environnement est affili\u00e9e \u00e0 France Nature Environnement \u00cele-de-France.<\/p>\n<\/div><\/div>\n\n\n\n<div class=\"wp-block-buttons is-layout-flex wp-block-buttons-is-layout-flex\">\n<div class=\"wp-block-button is-style-fill\"><a class=\"wp-block-button__link wp-element-button\" href=\"https:\/\/fne-idf.fr\/\">France nature environnement<\/a><\/div>\n<\/div>\n<\/div><\/div>\n<\/div>\n<\/div><\/div>\n","protected":false},"excerpt":{"rendered":"","protected":false},"author":1,"featured_media":0,"parent":0,"menu_order":1,"comment_status":"closed","ping_status":"closed","template":"","meta":{"site-sidebar-layout":"no-sidebar","site-content-layout":"plain-container","ast-site-content-layout":"default","site-content-style":"default","site-sidebar-style":"default","ast-global-header-display":"","ast-banner-title-visibility":"","ast-main-header-display":"","ast-hfb-above-header-display":"","ast-hfb-below-header-display":"","ast-hfb-mobile-header-display":"","site-post-title":"disabled","ast-breadcrumbs-content":"","ast-featured-img":"","footer-sml-layout":"","ast-disable-related-posts":"","theme-transparent-header-meta":"enabled","adv-header-id-meta":"","stick-header-meta":"","header-above-stick-meta":"","header-main-stick-meta":"","header-below-stick-meta":"","astra-migrate-meta-layouts":"default","ast-page-background-enabled":"default","ast-page-background-meta":{"desktop":{"background-color":"var(--ast-global-color-4)","background-image":"","background-repeat":"repeat","background-position":"center center","background-size":"auto","background-attachment":"scroll","background-type":"","background-media":"","overlay-type":"","overlay-color":"","overlay-opacity":"","overlay-gradient":""},"tablet":{"background-color":"","background-image":"","background-repeat":"repeat","background-position":"center center","background-size":"auto","background-attachment":"scroll","background-type":"","background-media":"","overlay-type":"","overlay-color":"","overlay-opacity":"","overlay-gradient":""},"mobile":{"background-color":"","background-image":"","background-repeat":"repeat","background-position":"center center","background-size":"auto","background-attachment":"scroll","background-type":"","background-media":"","overlay-type":"","overlay-color":"","overlay-opacity":"","overlay-gradient":""}},"ast-content-background-meta":{"desktop":{"background-color":"var(--ast-global-color-5)","background-image":"","background-repeat":"repeat","background-position":"center center","background-size":"auto","background-attachment":"scroll","background-type":"","background-media":"","overlay-type":"","overlay-color":"","overlay-opacity":"","overlay-gradient":""},"tablet":{"background-color":"var(--ast-global-color-5)","background-image":"","background-repeat":"repeat","background-position":"center center","background-size":"auto","background-attachment":"scroll","background-type":"","background-media":"","overlay-type":"","overlay-color":"","overlay-opacity":"","overlay-gradient":""},"mobile":{"background-color":"var(--ast-global-color-5)","background-image":"","background-repeat":"repeat","background-position":"center center","background-size":"auto","background-attachment":"scroll","background-type":"","background-media":"","overlay-type":"","overlay-color":"","overlay-opacity":"","overlay-gradient":""}},"footnotes":""},"class_list":["post-6","page","type-page","status-publish","hentry"],"_links":{"self":[{"href":"https:\/\/viroflayenvironnement.fr\/index.php\/wp-json\/wp\/v2\/pages\/6","targetHints":{"allow":["GET"]}}],"collection":[{"href":"https:\/\/viroflayenvironnement.fr\/index.php\/wp-json\/wp\/v2\/pages"}],"about":[{"href":"https:\/\/viroflayenvironnement.fr\/index.php\/wp-json\/wp\/v2\/types\/page"}],"author":[{"embeddable":true,"href":"https:\/\/viroflayenvironnement.fr\/index.php\/wp-json\/wp\/v2\/users\/1"}],"replies":[{"embeddable":true,"href":"https:\/\/viroflayenvironnement.fr\/index.php\/wp-json\/wp\/v2\/comments?post=6"}],"version-history":[{"count":58,"href":"https:\/\/viroflayenvironnement.fr\/index.php\/wp-json\/wp\/v2\/pages\/6\/revisions"}],"predecessor-version":[{"id":439,"href":"https:\/\/viroflayenvironnement.fr\/index.php\/wp-json\/wp\/v2\/pages\/6\/revisions\/439"}],"wp:attachment":[{"href":"https:\/\/viroflayenvironnement.fr\/index.php\/wp-json\/wp\/v2\/media?parent=6"}],"curies":[{"name":"wp","href":"https:\/\/api.w.org\/{rel}","templated":true}]}}